{"id":10870,"date":"2014-10-11T14:23:15","date_gmt":"2014-10-11T13:23:15","guid":{"rendered":"http:\/\/theme-fusion.com\/avada_demos\/portfolio\/?page_id=10870"},"modified":"2020-10-08T11:42:23","modified_gmt":"2020-10-08T10:42:23","slug":"fournisseurs","status":"publish","type":"page","link":"http:\/\/cabinetfamiliari.fr\/index.php\/fournisseurs\/","title":{"rendered":"Fournisseurs"},"content":{"rendered":"<h1 style=\"text-align: center; color: #fff;\">Fournisseur<\/h1>\n\n\n<div class=\"wp-block-cover has-background-dim-20 has-background-dim is-position-center-center\" style=\"background-image:url(http:\/\/cabinetfamiliari.fr\/wp-content\/uploads\/2020\/10\/paper-3213924_1920-1.jpg);background-position:40% 26%;min-height:233px\"><div class=\"wp-block-cover__inner-container is-layout-flow wp-block-cover-is-layout-flow\">\n<p class=\"has-text-align-center has-text-color\" style=\"line-height:1.1;font-size:74px;color:#fffffa\"><span class=\"has-inline-color has-white-color\">NOS PARTENAIRES<\/span><\/p>\n<\/div><\/div>\n\n\n\n<div style=\"height:20px\" aria-hidden=\"true\" class=\"wp-block-spacer\"><\/div>\n\n\n\n<blockquote class=\"wp-block-quote\"><p>Cabinet Familiari s\u2019engage \u00e0 collaborer avec des partenaires de confiance de par leurs services, r\u00e9activit\u00e9s et leurs professionnalismes.<\/p><\/blockquote>\n\n\n\n<div style=\"height:20px\" aria-hidden=\"true\" class=\"wp-block-spacer\"><\/div>\n\n\n\n<h1 class=\"wp-block-heading\">ASSURANCES <\/h1>\n\n\n\n<p>Ci-dessous est r\u00e9f\u00e9renc\u00e9 la liste de nos partenaires assureurs avec qui nous collaborons :<\/p>\n\n\n\n<div class=\"wp-block-columns is-layout-flex wp-container-core-columns-layout-1 wp-block-columns-is-layout-flex\">\n<div class=\"wp-block-column is-layout-flow wp-block-column-is-layout-flow\">\n<p><strong>ADD Value<\/strong><\/p>\n\n\n\n<p><strong>AFI ESCA <\/strong><\/p>\n\n\n\n<p><strong>Auxiliaire <\/strong><\/p>\n\n\n\n<p><strong>Allianz <\/strong><\/p>\n\n\n\n<p><strong>Alptis <\/strong><\/p>\n\n\n\n<p><strong>AMI 3F<\/strong><\/p>\n\n\n\n<p><strong>Apicil <\/strong><\/p>\n\n\n\n<p><strong>April <\/strong><\/p>\n\n\n\n<p><strong>Albingia <\/strong><\/p>\n\n\n\n<p><strong>Apivia <\/strong><\/p>\n\n\n\n<p><strong>AXRE <\/strong><\/p>\n\n\n\n<p><strong>Batirisk <\/strong><\/p>\n\n\n\n<p><strong>Camacte <\/strong><\/p>\n<\/div>\n\n\n\n<div class=\"wp-block-column is-layout-flow wp-block-column-is-layout-flow\">\n<p><strong>CORIM<\/strong><\/p>\n\n\n\n<p><strong>Eres <\/strong><\/p>\n\n\n\n<p><strong>ECA <\/strong><\/p>\n\n\n\n<p><strong>Entoria <\/strong><\/p>\n\n\n\n<p><strong>Finaxy <\/strong><\/p>\n\n\n\n<p><strong>FMA <\/strong><\/p>\n\n\n\n<p><strong>Groupama <\/strong><\/p>\n\n\n\n<p><strong>Generali <\/strong><\/p>\n\n\n\n<p><strong>Hoken <\/strong><\/p>\n\n\n\n<p><strong>Izeho<\/strong><\/p>\n\n\n\n<p><strong>Leader souscription<\/strong><\/p>\n\n\n\n<p><strong>UAF Life<\/strong><\/p>\n\n\n\n<p><strong>Malakoff Mederik &nbsp;&nbsp;&nbsp;&nbsp;&nbsp;&nbsp;&nbsp;&nbsp;&nbsp;&nbsp;&nbsp;&nbsp;&nbsp;&nbsp;&nbsp;&nbsp;&nbsp;&nbsp;&nbsp;&nbsp;&nbsp;&nbsp;&nbsp;&nbsp;&nbsp;&nbsp;&nbsp;&nbsp;&nbsp;&nbsp;&nbsp;&nbsp;&nbsp;&nbsp;&nbsp;&nbsp;&nbsp;&nbsp;&nbsp;&nbsp;&nbsp;&nbsp;&nbsp;&nbsp;&nbsp; <\/strong><\/p>\n<\/div>\n\n\n\n<div class=\"wp-block-column is-layout-flow wp-block-column-is-layout-flow\">\n<p><strong>Maxance<\/strong><\/p>\n\n\n\n<p><strong>Met life <\/strong><\/p>\n\n\n\n<p><strong>Mutuelle G\u00e9n\u00e9rale <\/strong><\/p>\n\n\n\n<p><strong>MontMirail <\/strong><\/p>\n\n\n\n<p><strong>Novelia <\/strong><\/p>\n\n\n\n<p><strong>Sada <\/strong><\/p>\n\n\n\n<p><strong>Solly Azar <\/strong><\/p>\n\n\n\n<p><strong>SPvie <\/strong><\/p>\n\n\n\n<p><strong>SwissLife <\/strong><\/p>\n\n\n\n<p><strong>Tetri <\/strong><\/p>\n\n\n\n<p><strong>Xenass <\/strong><\/p>\n\n\n\n<p><strong>Zephir <\/strong><\/p>\n\n\n\n<p><strong>Verspire <\/strong><\/p>\n<\/div>\n<\/div>\n\n\n\n<div class=\"wp-block-group\"><div class=\"wp-block-group__inner-container is-layout-flow wp-block-group-is-layout-flow\">\n<h1 class=\"wp-block-heading\">CREDITS <\/h1>\n\n\n\n<div class=\"wp-block-columns is-layout-flex wp-container-core-columns-layout-2 wp-block-columns-is-layout-flex\">\n<div class=\"wp-block-column is-layout-flow wp-block-column-is-layout-flow\">\n<p><strong>Banque Populaire <\/strong><\/p>\n\n\n\n<p><strong>Brok\u00e9o <\/strong><\/p>\n<\/div>\n\n\n\n<div class=\"wp-block-column is-layout-flow wp-block-column-is-layout-flow\">\n<p><strong>Caisse d&rsquo;\u00e9pargne<\/strong><\/p>\n\n\n\n<p><strong>Cr\u00e9dit pack <\/strong><\/p>\n<\/div>\n\n\n\n<div class=\"wp-block-column is-layout-flow wp-block-column-is-layout-flow\"><\/div>\n<\/div>\n<\/div><\/div>\n\n\n\n<p style=\"font-size:14px\">           <\/p>\n\n\n\n<div class=\"wp-block-image\"><figure class=\"alignleft size-large is-resized\"><img decoding=\"async\" src=\"http:\/\/cabinetfamiliari.fr\/wp-content\/uploads\/2016\/03\/logo-GENERALI-SA-1024x327.jpg\" alt=\"\" class=\"wp-image-13258\" width=\"287\" height=\"92\" srcset=\"http:\/\/cabinetfamiliari.fr\/wp-content\/uploads\/2016\/03\/logo-GENERALI-SA-300x96.jpg 300w, http:\/\/cabinetfamiliari.fr\/wp-content\/uploads\/2016\/03\/logo-GENERALI-SA-768x245.jpg 768w, http:\/\/cabinetfamiliari.fr\/wp-content\/uploads\/2016\/03\/logo-GENERALI-SA-1024x327.jpg 1024w, http:\/\/cabinetfamiliari.fr\/wp-content\/uploads\/2016\/03\/logo-GENERALI-SA.jpg 1046w\" sizes=\"(max-width: 287px) 100vw, 287px\" \/><\/figure><\/div>\n\n\n\n<div class=\"wp-block-image\"><figure class=\"alignleft size-large is-resized\"><img decoding=\"async\" src=\"http:\/\/cabinetfamiliari.fr\/wp-content\/uploads\/2016\/03\/logo-APRIL-.jpg\" alt=\"\" class=\"wp-image-13268\" width=\"129\" height=\"103\" srcset=\"http:\/\/cabinetfamiliari.fr\/wp-content\/uploads\/2016\/03\/logo-APRIL--147x118.jpg 147w, http:\/\/cabinetfamiliari.fr\/wp-content\/uploads\/2016\/03\/logo-APRIL--177x142.jpg 177w, http:\/\/cabinetfamiliari.fr\/wp-content\/uploads\/2016\/03\/logo-APRIL--300x240.jpg 300w, http:\/\/cabinetfamiliari.fr\/wp-content\/uploads\/2016\/03\/logo-APRIL-.jpg 334w\" sizes=\"(max-width: 129px) 100vw, 129px\" \/><\/figure><\/div>\n\n\n\n<div class=\"wp-block-image\"><figure class=\"alignleft size-large is-resized\"><img decoding=\"async\" src=\"http:\/\/cabinetfamiliari.fr\/wp-content\/uploads\/2016\/03\/logo-ALPTIS.jpg\" alt=\"\" class=\"wp-image-13247\" width=\"173\" height=\"114\" srcset=\"http:\/\/cabinetfamiliari.fr\/wp-content\/uploads\/2016\/03\/logo-ALPTIS-300x200.jpg 300w, http:\/\/cabinetfamiliari.fr\/wp-content\/uploads\/2016\/03\/logo-ALPTIS.jpg 712w\" sizes=\"(max-width: 173px) 100vw, 173px\" \/><\/figure><\/div>\n\n\n\n<div class=\"wp-block-image\"><figure class=\"alignleft size-large is-resized\"><img decoding=\"async\" src=\"http:\/\/cabinetfamiliari.fr\/wp-content\/uploads\/2016\/03\/logo-SOLLY-AZAR.jpg\" alt=\"\" class=\"wp-image-13261\" width=\"144\" height=\"119\" srcset=\"http:\/\/cabinetfamiliari.fr\/wp-content\/uploads\/2016\/03\/logo-SOLLY-AZAR-300x248.jpg 300w, http:\/\/cabinetfamiliari.fr\/wp-content\/uploads\/2016\/03\/logo-SOLLY-AZAR.jpg 308w\" sizes=\"(max-width: 144px) 100vw, 144px\" \/><\/figure><\/div>\n\n\n\n<div class=\"wp-block-image\"><figure class=\"alignleft size-large is-resized\"><img decoding=\"async\" src=\"http:\/\/cabinetfamiliari.fr\/wp-content\/uploads\/2016\/03\/logo-BP.jpg\" alt=\"\" class=\"wp-image-13252\" width=\"154\" height=\"91\" srcset=\"http:\/\/cabinetfamiliari.fr\/wp-content\/uploads\/2016\/03\/logo-BP-300x177.jpg 300w, http:\/\/cabinetfamiliari.fr\/wp-content\/uploads\/2016\/03\/logo-BP-768x454.jpg 768w, http:\/\/cabinetfamiliari.fr\/wp-content\/uploads\/2016\/03\/logo-BP.jpg 883w\" sizes=\"(max-width: 154px) 100vw, 154px\" \/><\/figure><\/div>\n\n\n\n<div style=\"height:67px\" aria-hidden=\"true\" class=\"wp-block-spacer\"><\/div>\n\n\n\n<ul class=\"wp-block-social-links is-layout-flex wp-block-social-links-is-layout-flex\"><li class=\"wp-social-link wp-social-link-wordpress  wp-block-social-link\"><a href=\"https:\/\/wordpress.org\" class=\"wp-block-social-link-anchor\"><svg width=\"24\" height=\"24\" viewBox=\"0 0 24 24\" version=\"1.1\" xmlns=\"http:\/\/www.w3.org\/2000\/svg\" aria-hidden=\"true\" focusable=\"false\"><path d=\"M12.158,12.786L9.46,20.625c0.806,0.237,1.657,0.366,2.54,0.366c1.047,0,2.051-0.181,2.986-0.51 c-0.024-0.038-0.046-0.079-0.065-0.124L12.158,12.786z M3.009,12c0,3.559,2.068,6.634,5.067,8.092L3.788,8.341 C3.289,9.459,3.009,10.696,3.009,12z M18.069,11.546c0-1.112-0.399-1.881-0.741-2.48c-0.456-0.741-0.883-1.368-0.883-2.109 c0-0.826,0.627-1.596,1.51-1.596c0.04,0,0.078,0.005,0.116,0.007C16.472,3.904,14.34,3.009,12,3.009 c-3.141,0-5.904,1.612-7.512,4.052c0.211,0.007,0.41,0.011,0.579,0.011c0.94,0,2.396-0.114,2.396-0.114 C7.947,6.93,8.004,7.642,7.52,7.699c0,0-0.487,0.057-1.029,0.085l3.274,9.739l1.968-5.901l-1.401-3.838 C9.848,7.756,9.389,7.699,9.389,7.699C8.904,7.67,8.961,6.93,9.446,6.958c0,0,1.484,0.114,2.368,0.114 c0.94,0,2.397-0.114,2.397-0.114c0.485-0.028,0.542,0.684,0.057,0.741c0,0-0.488,0.057-1.029,0.085l3.249,9.665l0.897-2.996 C17.841,13.284,18.069,12.316,18.069,11.546z M19.889,7.686c0.039,0.286,0.06,0.593,0.06,0.924c0,0.912-0.171,1.938-0.684,3.22 l-2.746,7.94c2.673-1.558,4.47-4.454,4.47-7.771C20.991,10.436,20.591,8.967,19.889,7.686z M12,22C6.486,22,2,17.514,2,12 C2,6.486,6.486,2,12,2c5.514,0,10,4.486,10,10C22,17.514,17.514,22,12,22z\"><\/path><\/svg><span class=\"wp-block-social-link-label screen-reader-text\">WordPress<\/span><\/a><\/li>\n\n\n\n\n\n\n\n\n\n\n\n<li class=\"wp-social-link wp-social-link-facebook  wp-block-social-link\"><a href=\"https:\/\/fr-fr.facebook.com\/Cabinet-Familiari-1497541223877054\/\" class=\"wp-block-social-link-anchor\"><svg width=\"24\" height=\"24\" viewBox=\"0 0 24 24\" version=\"1.1\" xmlns=\"http:\/\/www.w3.org\/2000\/svg\" aria-hidden=\"true\" focusable=\"false\"><path d=\"M12 2C6.5 2 2 6.5 2 12c0 5 3.7 9.1 8.4 9.9v-7H7.9V12h2.5V9.8c0-2.5 1.5-3.9 3.8-3.9 1.1 0 2.2.2 2.2.2v2.5h-1.3c-1.2 0-1.6.8-1.6 1.6V12h2.8l-.4 2.9h-2.3v7C18.3 21.1 22 17 22 12c0-5.5-4.5-10-10-10z\"><\/path><\/svg><span class=\"wp-block-social-link-label screen-reader-text\">Facebook<\/span><\/a><\/li>\n\n<li class=\"wp-social-link wp-social-link-linkedin  wp-block-social-link\"><a href=\"https:\/\/www.linkedin.com\/company\/cabinet-familiari-sarl\" class=\"wp-block-social-link-anchor\"><svg width=\"24\" height=\"24\" viewBox=\"0 0 24 24\" version=\"1.1\" xmlns=\"http:\/\/www.w3.org\/2000\/svg\" aria-hidden=\"true\" focusable=\"false\"><path d=\"M19.7,3H4.3C3.582,3,3,3.582,3,4.3v15.4C3,20.418,3.582,21,4.3,21h15.4c0.718,0,1.3-0.582,1.3-1.3V4.3 C21,3.582,20.418,3,19.7,3z M8.339,18.338H5.667v-8.59h2.672V18.338z M7.004,8.574c-0.857,0-1.549-0.694-1.549-1.548 c0-0.855,0.691-1.548,1.549-1.548c0.854,0,1.547,0.694,1.547,1.548C8.551,7.881,7.858,8.574,7.004,8.574z M18.339,18.338h-2.669 v-4.177c0-0.996-0.017-2.278-1.387-2.278c-1.389,0-1.601,1.086-1.601,2.206v4.249h-2.667v-8.59h2.559v1.174h0.037 c0.356-0.675,1.227-1.387,2.526-1.387c2.703,0,3.203,1.779,3.203,4.092V18.338z\"><\/path><\/svg><span class=\"wp-block-social-link-label screen-reader-text\">LinkedIn<\/span><\/a><\/li>\n\n<li class=\"wp-social-link wp-social-link-instagram  wp-block-social-link\"><a href=\"https:\/\/www.instagram.com\/cabinetfamiliari\/\" class=\"wp-block-social-link-anchor\"><svg width=\"24\" height=\"24\" viewBox=\"0 0 24 24\" version=\"1.1\" xmlns=\"http:\/\/www.w3.org\/2000\/svg\" aria-hidden=\"true\" focusable=\"false\"><path d=\"M12,4.622c2.403,0,2.688,0.009,3.637,0.052c0.877,0.04,1.354,0.187,1.671,0.31c0.42,0.163,0.72,0.358,1.035,0.673 c0.315,0.315,0.51,0.615,0.673,1.035c0.123,0.317,0.27,0.794,0.31,1.671c0.043,0.949,0.052,1.234,0.052,3.637 s-0.009,2.688-0.052,3.637c-0.04,0.877-0.187,1.354-0.31,1.671c-0.163,0.42-0.358,0.72-0.673,1.035 c-0.315,0.315-0.615,0.51-1.035,0.673c-0.317,0.123-0.794,0.27-1.671,0.31c-0.949,0.043-1.233,0.052-3.637,0.052 s-2.688-0.009-3.637-0.052c-0.877-0.04-1.354-0.187-1.671-0.31c-0.42-0.163-0.72-0.358-1.035-0.673 c-0.315-0.315-0.51-0.615-0.673-1.035c-0.123-0.317-0.27-0.794-0.31-1.671C4.631,14.688,4.622,14.403,4.622,12 s0.009-2.688,0.052-3.637c0.04-0.877,0.187-1.354,0.31-1.671c0.163-0.42,0.358-0.72,0.673-1.035 c0.315-0.315,0.615-0.51,1.035-0.673c0.317-0.123,0.794-0.27,1.671-0.31C9.312,4.631,9.597,4.622,12,4.622 M12,3 C9.556,3,9.249,3.01,8.289,3.054C7.331,3.098,6.677,3.25,6.105,3.472C5.513,3.702,5.011,4.01,4.511,4.511 c-0.5,0.5-0.808,1.002-1.038,1.594C3.25,6.677,3.098,7.331,3.054,8.289C3.01,9.249,3,9.556,3,12c0,2.444,0.01,2.751,0.054,3.711 c0.044,0.958,0.196,1.612,0.418,2.185c0.23,0.592,0.538,1.094,1.038,1.594c0.5,0.5,1.002,0.808,1.594,1.038 c0.572,0.222,1.227,0.375,2.185,0.418C9.249,20.99,9.556,21,12,21s2.751-0.01,3.711-0.054c0.958-0.044,1.612-0.196,2.185-0.418 c0.592-0.23,1.094-0.538,1.594-1.038c0.5-0.5,0.808-1.002,1.038-1.594c0.222-0.572,0.375-1.227,0.418-2.185 C20.99,14.751,21,14.444,21,12s-0.01-2.751-0.054-3.711c-0.044-0.958-0.196-1.612-0.418-2.185c-0.23-0.592-0.538-1.094-1.038-1.594 c-0.5-0.5-1.002-0.808-1.594-1.038c-0.572-0.222-1.227-0.375-2.185-0.418C14.751,3.01,14.444,3,12,3L12,3z M12,7.378 c-2.552,0-4.622,2.069-4.622,4.622S9.448,16.622,12,16.622s4.622-2.069,4.622-4.622S14.552,7.378,12,7.378z M12,15 c-1.657,0-3-1.343-3-3s1.343-3,3-3s3,1.343,3,3S13.657,15,12,15z M16.804,6.116c-0.596,0-1.08,0.484-1.08,1.08 s0.484,1.08,1.08,1.08c0.596,0,1.08-0.484,1.08-1.08S17.401,6.116,16.804,6.116z\"><\/path><\/svg><span class=\"wp-block-social-link-label screen-reader-text\">Instagram<\/span><\/a><\/li>\n\n<li class=\"wp-social-link wp-social-link-mail  wp-block-social-link\"><a href=\"mailto:contact@cabinetfamiliari.fr\" class=\"wp-block-social-link-anchor\"><svg width=\"24\" height=\"24\" viewBox=\"0 0 24 24\" version=\"1.1\" xmlns=\"http:\/\/www.w3.org\/2000\/svg\" aria-hidden=\"true\" focusable=\"false\"><path d=\"M19,5H5c-1.1,0-2,.9-2,2v10c0,1.1.9,2,2,2h14c1.1,0,2-.9,2-2V7c0-1.1-.9-2-2-2zm.5,12c0,.3-.2.5-.5.5H5c-.3,0-.5-.2-.5-.5V9.8l7.5,5.6,7.5-5.6V17zm0-9.1L12,13.6,4.5,7.9V7c0-.3.2-.5.5-.5h14c.3,0,.5.2.5.5v.9z\"><\/path><\/svg><span class=\"wp-block-social-link-label screen-reader-text\">Mail<\/span><\/a><\/li><\/ul>\n","protected":false},"excerpt":{"rendered":"<p>Fournisseur Cabinet Familiari s\u2019engage \u00e0 collaborer avec des partenaires de confiance de par [&hellip;]<\/p>\n","protected":false},"author":1,"featured_media":0,"parent":0,"menu_order":0,"comment_status":"open","ping_status":"closed","template":"100-width.php","meta":{"footnotes":""},"_links":{"self":[{"href":"http:\/\/cabinetfamiliari.fr\/index.php\/wp-json\/wp\/v2\/pages\/10870"}],"collection":[{"href":"http:\/\/cabinetfamiliari.fr\/index.php\/wp-json\/wp\/v2\/pages"}],"about":[{"href":"http:\/\/cabinetfamiliari.fr\/index.php\/wp-json\/wp\/v2\/types\/page"}],"author":[{"embeddable":true,"href":"http:\/\/cabinetfamiliari.fr\/index.php\/wp-json\/wp\/v2\/users\/1"}],"replies":[{"embeddable":true,"href":"http:\/\/cabinetfamiliari.fr\/index.php\/wp-json\/wp\/v2\/comments?post=10870"}],"version-history":[{"count":68,"href":"http:\/\/cabinetfamiliari.fr\/index.php\/wp-json\/wp\/v2\/pages\/10870\/revisions"}],"predecessor-version":[{"id":13893,"href":"http:\/\/cabinetfamiliari.fr\/index.php\/wp-json\/wp\/v2\/pages\/10870\/revisions\/13893"}],"wp:attachment":[{"href":"http:\/\/cabinetfamiliari.fr\/index.php\/wp-json\/wp\/v2\/media?parent=10870"}],"curies":[{"name":"wp","href":"https:\/\/api.w.org\/{rel}","templated":true}]}}