{"id":13015,"date":"2015-10-24T16:45:19","date_gmt":"2015-10-24T15:45:19","guid":{"rendered":"http:\/\/cabinetfamiliari.fr\/?page_id=13015"},"modified":"2020-10-08T11:42:22","modified_gmt":"2020-10-08T10:42:22","slug":"credits","status":"publish","type":"page","link":"http:\/\/cabinetfamiliari.fr\/index.php\/credits\/","title":{"rendered":"Cr\u00e9dits"},"content":{"rendered":"<div class=\"fusion-fullwidth fullwidth-box fusion-builder-row-1 fusion-flex-container hundred-percent-fullwidth non-hundred-percent-height-scrolling\" style=\"background-color: rgba(255,255,255,0);background-position: center center;background-repeat: no-repeat;border-width: 0px 0px 0px 0px;border-color:#eae9e9;border-style:solid;\" ><div class=\"fusion-builder-row fusion-row fusion-flex-align-items-flex-start\" style=\"width:104% !important;max-width:104% !important;margin-left: calc(-4% \/ 2 );margin-right: calc(-4% \/ 2 );\"><div class=\"fusion-layout-column fusion_builder_column fusion-builder-column-0 fusion_builder_column_1_2 1_2 fusion-flex-column\"><div class=\"fusion-column-wrapper fusion-flex-justify-content-flex-start fusion-content-layout-column\" style=\"background-position:left top;background-repeat:no-repeat;-webkit-background-size:cover;-moz-background-size:cover;-o-background-size:cover;background-size:cover;padding: 0px 0px 0px 0px;\"><div class=\"fusion-slider-sc\"><div class=\"fusion-flexslider-loading flexslider flexslider-hover-type-none\" data-slideshow_autoplay=\"1\" data-slideshow_smooth_height=\"0\" data-slideshow_speed=\"7000\" style=\"max-width:100%;height:100%;\"><ul class=\"slides\"><li class=\"image\"><span class=\"fusion-image-hover-element hover-type-none\"><img decoding=\"async\" src=\"http:\/\/cabinetfamiliari.fr\/wp-content\/uploads\/2015\/10\/calculator-385506-1024x603.jpg\" width=\"1024\" height=\"603\" \/><\/span><\/li><li class=\"image\"><span class=\"fusion-image-hover-element hover-type-none\"><img decoding=\"async\" src=\"http:\/\/cabinetfamiliari.fr\/wp-content\/uploads\/2015\/10\/pay-937884-1024x682.jpg\" width=\"1024\" height=\"682\" \/><\/span><\/li><\/ul><\/div><\/div><div class=\"fusion-separator fusion-full-width-sep\" style=\"align-self: center;margin-left: auto;margin-right: auto;margin-top:-20px;width:100%;\"><\/div><\/div><\/div><style type=\"text\/css\">.fusion-body .fusion-builder-column-0{width:50% !important;margin-top : 0px;margin-bottom : 20px;}.fusion-builder-column-0 > .fusion-column-wrapper {padding-top : 0px !important;padding-right : 0px !important;margin-right : 3.84%;padding-bottom : 0px !important;padding-left : 0px !important;margin-left : 3.84%;}@media only screen and (max-width:1024px) {.fusion-body .fusion-builder-column-0{width:50% !important;}.fusion-builder-column-0 > .fusion-column-wrapper {margin-right : 3.84%;margin-left : 3.84%;}}@media only screen and (max-width:640px) {.fusion-body .fusion-builder-column-0{width:100% !important;}.fusion-builder-column-0 > .fusion-column-wrapper {margin-right : 1.92%;margin-left : 1.92%;}}<\/style><div class=\"fusion-layout-column fusion_builder_column fusion-builder-column-1 fusion_builder_column_1_2 1_2 fusion-flex-column\"><div class=\"fusion-column-wrapper fusion-flex-justify-content-flex-start fusion-content-layout-column\" style=\"background-position:left top;background-repeat:no-repeat;-webkit-background-size:cover;-moz-background-size:cover;-o-background-size:cover;background-size:cover;padding: 0px 0px 0px 0px;\"><style type=\"text\/css\">@media only screen and (max-width:1024px) {.fusion-title.fusion-title-1{margin-top:10px!important;margin-bottom:15px!important;}}@media only screen and (max-width:640px) {.fusion-title.fusion-title-1{margin-top:10px!important;margin-bottom:10px!important;}}<\/style><div class=\"fusion-title title fusion-title-1 fusion-title-text fusion-title-size-two\" style=\"margin-top:10px;margin-bottom:15px;\"><div class=\"title-sep-container title-sep-container-left fusion-no-large-visibility fusion-no-medium-visibility fusion-no-small-visibility\"><div class=\"title-sep sep-\" style=\"border-color:#e0dede;\"><\/div><\/div><h2 class=\"title-heading-left\" style=\"margin:0;\">Vous recherchez un cr\u00e9dit\u00a0?<\/h2><div class=\"title-sep-container title-sep-container-right\"><div class=\"title-sep sep-\" style=\"border-color:#e0dede;\"><\/div><\/div><\/div><div class=\"fusion-text fusion-text-1\"><p><span style=\"font-size: large;\">Au fil des ann\u00e9es votre situation \u00e9tant amen\u00e9e \u00e0 \u00e9voluer et \u00e0 ce titre le cabinet Familiari sera \u00e0 vos c\u00f4t\u00e9s afin d\u2019\u00e9tablir une recherche de financement, la soumettre puis la n\u00e9gocier aupr\u00e8s de diff\u00e9rents \u00e9tablissements bancaires, et cela sans aucun frais de votre part.<\/span><\/p>\n<p><span style=\"font-size: large;\">Nous pouvons intervenir sur les projets immobiliers, de rachat de cr\u00e9dit, de restructuration et enfin sur les projets professionnel. <\/span><\/p>\n<\/div><div class=\"fusion-separator fusion-full-width-sep\" style=\"align-self: center;margin-left: auto;margin-right: auto;margin-top:-30px;width:100%;\"><\/div><\/div><\/div><style type=\"text\/css\">.fusion-body .fusion-builder-column-1{width:50% !important;margin-top : 0px;margin-bottom : 20px;}.fusion-builder-column-1 > .fusion-column-wrapper {padding-top : 0px !important;padding-right : 0px !important;margin-right : 3.84%;padding-bottom : 0px !important;padding-left : 0px !important;margin-left : 3.84%;}@media only screen and (max-width:1024px) {.fusion-body .fusion-builder-column-1{width:50% !important;}.fusion-builder-column-1 > .fusion-column-wrapper {margin-right : 3.84%;margin-left : 3.84%;}}@media only screen and (max-width:640px) {.fusion-body .fusion-builder-column-1{width:100% !important;}.fusion-builder-column-1 > .fusion-column-wrapper {margin-right : 1.92%;margin-left : 1.92%;}}<\/style><div class=\"fusion-layout-column fusion_builder_column fusion-builder-column-2 fusion_builder_column_1_1 1_1 fusion-flex-column fusion-flex-align-self-flex-start fusion-column-no-min-height\"><div class=\"fusion-column-wrapper fusion-flex-justify-content-flex-start fusion-content-layout-column\" style=\"background-position:left top;background-repeat:no-repeat;-webkit-background-size:cover;-moz-background-size:cover;-o-background-size:cover;background-size:cover;padding: 0px 0px 0px 0px;\"><div class=\"fusion-separator fusion-full-width-sep\" style=\"align-self: center;margin-left: auto;margin-right: auto;margin-bottom:60px;width:100%;\"><div class=\"fusion-separator-border sep-single sep-solid\" style=\"border-color:#e0dede;border-top-width:1px;\"><\/div><\/div><div class=\"fusion-separator fusion-full-width-sep\" style=\"align-self: center;margin-left: auto;margin-right: auto;margin-top:30px;width:100%;\"><\/div><\/div><\/div><style type=\"text\/css\">.fusion-body .fusion-builder-column-2{width:100% !important;margin-top : 0px;margin-bottom : 0px;}.fusion-builder-column-2 > .fusion-column-wrapper {padding-top : 0px !important;padding-right : 0px !important;margin-right : 1.92%;padding-bottom : 0px !important;padding-left : 0px !important;margin-left : 1.92%;}@media only screen and (max-width:1024px) {.fusion-body .fusion-builder-column-2{width:100% !important;}.fusion-builder-column-2 > .fusion-column-wrapper {margin-right : 1.92%;margin-left : 1.92%;}}@media only screen and (max-width:640px) {.fusion-body .fusion-builder-column-2{width:100% !important;}.fusion-builder-column-2 > .fusion-column-wrapper {margin-right : 1.92%;margin-left : 1.92%;}}<\/style><div class=\"fusion-layout-column fusion_builder_column fusion-builder-column-3 fusion_builder_column_1_1 1_1 fusion-flex-column fusion-flex-align-self-flex-start fusion-column-no-min-height\"><div class=\"fusion-column-wrapper fusion-flex-justify-content-flex-start fusion-content-layout-column\" style=\"background-position:left top;background-repeat:no-repeat;-webkit-background-size:cover;-moz-background-size:cover;-o-background-size:cover;background-size:cover;padding: 0px 0px 0px 0px;\"><style type=\"text\/css\">@media only screen and (max-width:1024px) {.fusion-title.fusion-title-2{margin-top:10px!important;margin-bottom:15px!important;}}@media only screen and (max-width:640px) {.fusion-title.fusion-title-2{margin-top:10px!important;margin-bottom:10px!important;}}<\/style><div class=\"fusion-title title fusion-title-2 fusion-title-text fusion-title-size-two\" style=\"margin-top:10px;margin-bottom:15px;\"><div class=\"title-sep-container title-sep-container-left fusion-no-large-visibility fusion-no-medium-visibility fusion-no-small-visibility\"><div class=\"title-sep sep-\" style=\"border-color:#e0dede;\"><\/div><\/div><h2 class=\"title-heading-left\" style=\"margin:0;\">Types de credits<\/h2><div class=\"title-sep-container title-sep-container-right\"><div class=\"title-sep sep-\" style=\"border-color:#e0dede;\"><\/div><\/div><\/div><\/div><\/div><style type=\"text\/css\">.fusion-body .fusion-builder-column-3{width:100% !important;margin-top : 0px;margin-bottom : 0px;}.fusion-builder-column-3 > .fusion-column-wrapper {padding-top : 0px !important;padding-right : 0px !important;margin-right : 1.92%;padding-bottom : 0px !important;padding-left : 0px !important;margin-left : 1.92%;}@media only screen and (max-width:1024px) {.fusion-body .fusion-builder-column-3{width:100% !important;}.fusion-builder-column-3 > .fusion-column-wrapper {margin-right : 1.92%;margin-left : 1.92%;}}@media only screen and (max-width:640px) {.fusion-body .fusion-builder-column-3{width:100% !important;}.fusion-builder-column-3 > .fusion-column-wrapper {margin-right : 1.92%;margin-left : 1.92%;}}<\/style><div class=\"fusion-layout-column fusion_builder_column fusion-builder-column-4 fusion_builder_column_1_1 1_1 fusion-flex-column\"><div class=\"fusion-column-wrapper fusion-flex-justify-content-flex-start fusion-content-layout-column\" style=\"background-position:left top;background-repeat:no-repeat;-webkit-background-size:cover;-moz-background-size:cover;-o-background-size:cover;background-size:cover;padding: 0px 0px 0px 0px;\"><div class=\"fusion-tabs fusion-tabs-1 classic nav-not-justified horizontal-tabs icon-position-left\"><style type=\"text\/css\">.fusion-tabs.fusion-tabs-1 .nav-tabs li a.tab-link{border-top-color:#f6f6f6;background-color:#f6f6f6;}.fusion-tabs.fusion-tabs-1 .nav-tabs{background-color:transparent;}.fusion-tabs.fusion-tabs-1 .nav-tabs li.active a.tab-link,.fusion-tabs.fusion-tabs-1 .nav-tabs li.active a.tab-link:hover,.fusion-tabs.fusion-tabs-1 .nav-tabs li.active a.tab-link:focus{border-right-color:transparent;}.fusion-tabs.fusion-tabs-1 .nav-tabs li.active a.tab-link,.fusion-tabs.fusion-tabs-1 .nav-tabs li.active a.tab-link:hover,.fusion-tabs.fusion-tabs-1 .nav-tabs li.active a.tab-link:focus{background-color:transparent;}.fusion-tabs.fusion-tabs-1 .nav-tabs li a:hover{background-color:transparent;border-top-color:transparent;}.fusion-tabs.fusion-tabs-1 .tab-pane{background-color:transparent;}.fusion-tabs.fusion-tabs-1 .nav,.fusion-tabs.fusion-tabs-1 .nav-tabs,.fusion-tabs.fusion-tabs-1 .tab-content .tab-pane{border-color:#ebeaea;}<\/style><div class=\"nav\"><ul class=\"nav-tabs\" role=\"tablist\"><li class=\"active\"><a class=\"tab-link\" data-toggle=\"tab\" role=\"tab\" aria-controls=\"tab-7019e592e87e02803c7\" aria-selected=\"true\" id=\"fusion-tab-habitat\" href=\"#tab-7019e592e87e02803c7\"><h4 class=\"fusion-tab-heading\">Habitat<\/h4><\/a><\/li><li><a class=\"tab-link\" data-toggle=\"tab\" role=\"tab\" aria-controls=\"tab-d086db477710924d468\" aria-selected=\"false\" tabindex=\"-1\" id=\"fusion-tab-restructuration\" href=\"#tab-d086db477710924d468\"><h4 class=\"fusion-tab-heading\">Restructuration<\/h4><\/a><\/li><li><a class=\"tab-link\" data-toggle=\"tab\" role=\"tab\" aria-controls=\"tab-5ae1df4d994afdff743\" aria-selected=\"false\" tabindex=\"-1\" id=\"fusion-tab-professionnel\" href=\"#tab-5ae1df4d994afdff743\"><h4 class=\"fusion-tab-heading\">Professionnel<\/h4><\/a><\/li><\/ul><\/div><div class=\"tab-content\"><div class=\"nav fusion-mobile-tab-nav\"><ul class=\"nav-tabs\"><li class=\"active\"><a class=\"tab-link\" data-toggle=\"tab\" role=\"tab\" aria-controls=\"tab-7019e592e87e02803c7\" aria-selected=\"true\" id=\"mobile-fusion-tab-habitat\" href=\"#tab-7019e592e87e02803c7\"><h4 class=\"fusion-tab-heading\">Habitat<\/h4><\/a><\/li><\/ul><\/div><div class=\"tab-pane fade fusion-clearfix in active\" role=\"tabpanel\" tabindex=\"0\" aria-labelledby=\"fusion-tab-habitat\" id=\"tab-7019e592e87e02803c7\">\n<i class=\"fb-icon-element-1 fb-icon-element fontawesome-icon fa fa-home circle-yes fusion-text-flow\" style=\"font-size:35.2px;line-height:68.4px;height:70.4px;width:70.4px;border-width:1px;margin-right:20px;\"><\/i><style>i.fb-icon-element.fontawesome-icon.fb-icon-element-1{ color: #ffffff; background-color: #333333; border-color: #333333;}i.fb-icon-element.fontawesome-icon.fb-icon-element-1:hover { color: #ffffff; background-color: #333333; border-color: #333333;}<\/style> Notre objectif est de vous aider \u00e0 concr\u00e9tiser votre cr\u00e9dit immobilier.<\/p>\n<p>Pour cela, nous n\u00e9gocions pour vous les meilleures conditions du march\u00e9 tout en vous fournissant conseils et explications sur les diff\u00e9rents types de pr\u00eat :<\/p>\n<p>&#8211; pr\u00eat \u00e0 taux fixe,<br \/>\n&#8211; pr\u00eat \u00e0 taux variable,<br \/>\n&#8211; pr\u00eat \u00e0 taux 0.<\/p>\n<\/div><div class=\"nav fusion-mobile-tab-nav\"><ul class=\"nav-tabs\"><li><a class=\"tab-link\" data-toggle=\"tab\" role=\"tab\" aria-controls=\"tab-d086db477710924d468\" aria-selected=\"false\" tabindex=\"-1\" id=\"mobile-fusion-tab-restructuration\" href=\"#tab-d086db477710924d468\"><h4 class=\"fusion-tab-heading\">Restructuration<\/h4><\/a><\/li><\/ul><\/div><div class=\"tab-pane fade fusion-clearfix\" role=\"tabpanel\" tabindex=\"0\" aria-labelledby=\"fusion-tab-restructuration\" id=\"tab-d086db477710924d468\">\n<i class=\"fb-icon-element-2 fb-icon-element fontawesome-icon fa fa-users circle-yes fusion-text-flow\" style=\"font-size:35.2px;line-height:68.4px;height:70.4px;width:70.4px;border-width:1px;margin-right:20px;\"><\/i><style>i.fb-icon-element.fontawesome-icon.fb-icon-element-2{ color: #ffffff; background-color: #333333; border-color: #333333;}i.fb-icon-element.fontawesome-icon.fb-icon-element-2:hover { color: #ffffff; background-color: #333333; border-color: #333333;}<\/style> Vous rencontrez des difficult\u00e9s \u00e0 assumer vos remboursements de cr\u00e9dits, vous souhaitez retrouver une s\u00e9r\u00e9nit\u00e9 financi\u00e8re, nous vous proposons de regrouper l&rsquo;ensemble de vos pr\u00eats en une mensualit\u00e9 r\u00e9duite.<\/p>\n<p>&#8211; cr\u00e9dit r\u00e9sidence principale,<br \/>\n&#8211; cr\u00e9dit travaux,<br \/>\n&#8211; cr\u00e9dit auto, moto,<br \/>\n&#8211; pr\u00eat personnel,<br \/>\n&#8211; r\u00e9serve d&rsquo;argent.<\/p>\n<\/div><div class=\"nav fusion-mobile-tab-nav\"><ul class=\"nav-tabs\"><li><a class=\"tab-link\" data-toggle=\"tab\" role=\"tab\" aria-controls=\"tab-5ae1df4d994afdff743\" aria-selected=\"false\" tabindex=\"-1\" id=\"mobile-fusion-tab-professionnel\" href=\"#tab-5ae1df4d994afdff743\"><h4 class=\"fusion-tab-heading\">Professionnel<\/h4><\/a><\/li><\/ul><\/div><div class=\"tab-pane fade fusion-clearfix\" role=\"tabpanel\" tabindex=\"0\" aria-labelledby=\"fusion-tab-professionnel\" id=\"tab-5ae1df4d994afdff743\">\n<i class=\"fb-icon-element-3 fb-icon-element fontawesome-icon fa fa-compress circle-yes fusion-text-flow\" style=\"font-size:35.2px;line-height:68.4px;height:70.4px;width:70.4px;border-width:1px;margin-right:20px;\"><\/i><style>i.fb-icon-element.fontawesome-icon.fb-icon-element-3{ color: #ffffff; background-color: #333333; border-color: #333333;}i.fb-icon-element.fontawesome-icon.fb-icon-element-3:hover { color: #ffffff; background-color: #333333; border-color: #333333;}<\/style> La cr\u00e9ation ou la reprise d&rsquo;entreprise s&rsquo;effectue en plusieurs \u00e9tapes :<\/p>\n<p>&#8211; \u00e9tude de march\u00e9,<br \/>\n&#8211; choix de la forme juridique,<br \/>\n&#8211; recherche d&rsquo;un financement,<br \/>\n&#8211; business plan, etc&#8230;.<\/p>\n<p>Pour financer votre projet, nous vous assistons dans la constitution du dossier, nous n\u00e9gocions pour vous les meilleures conditions du march\u00e9 tout en vous fournissant conseils et explications sur les diff\u00e9rents types de pr\u00eat.<\/p>\n<\/div><\/div><\/div><\/div><\/div><style type=\"text\/css\">.fusion-body .fusion-builder-column-4{width:100% !important;margin-top : 0px;margin-bottom : 20px;}.fusion-builder-column-4 > .fusion-column-wrapper {padding-top : 0px !important;padding-right : 0px !important;margin-right : 1.92%;padding-bottom : 0px !important;padding-left : 0px !important;margin-left : 1.92%;}@media only screen and (max-width:1024px) {.fusion-body .fusion-builder-column-4{width:100% !important;}.fusion-builder-column-4 > .fusion-column-wrapper {margin-right : 1.92%;margin-left : 1.92%;}}@media only screen and (max-width:640px) {.fusion-body .fusion-builder-column-4{width:100% !important;}.fusion-builder-column-4 > .fusion-column-wrapper {margin-right : 1.92%;margin-left : 1.92%;}}<\/style><div class=\"fusion-layout-column fusion_builder_column fusion-builder-column-5 fusion_builder_column_1_1 1_1 fusion-flex-column fusion-flex-align-self-flex-start fusion-column-no-min-height\"><div class=\"fusion-column-wrapper fusion-flex-justify-content-flex-start fusion-content-layout-column\" style=\"background-position:left top;background-repeat:no-repeat;-webkit-background-size:cover;-moz-background-size:cover;-o-background-size:cover;background-size:cover;padding: 0px 0px 0px 0px;\"><div class=\"fusion-flip-boxes flip-boxes row fusion-columns-4 flip-effect-classic\"><div class=\"fusion-flip-box-wrapper fusion-column col-lg-3 col-md-3 col-sm-3\"><div class=\"fusion-flip-box flip-right\" tabindex=\"0\"><div class=\"flip-box-inner-wrapper\"><div class=\"flip-box-front\" style=\"background-color:#636363;border-color:#636363;border-radius:4px;border-style:solid;border-width:1px;color:#ffffff;transition-duration:0.8s;\"><div class=\"flip-box-front-inner\"><div class=\"flip-box-grafix flip-box-circle\" style=\"background-color:#333333;border-color:#ffffff;\"><i aria-hidden=\"true\" class=\" fa fa-info\" style=\"color:#ffffff;\"><\/i><\/div>Suivi<\/div><\/div><div class=\"flip-box-back\" style=\"background-color:#636363;border-color:#636363;border-radius:4px;border-style:solid;border-width:1px;color:#ffffff;transition-duration:0.8s;\"><div class=\"flip-box-back-inner\">Seulement trois interlocuteurs de la mise en place \u00e0 la gestion de vos dossiers.<\/div><\/div><\/div><\/div><\/div><div class=\"fusion-flip-box-wrapper fusion-column col-lg-3 col-md-3 col-sm-3\"><div class=\"fusion-flip-box flip-right\" tabindex=\"0\"><div class=\"flip-box-inner-wrapper\"><div class=\"flip-box-front\" style=\"background-color:#636363;border-color:transparent;border-radius:4px;border-style:solid;border-width:1px;color:#ffffff;transition-duration:0.8s;\"><div class=\"flip-box-front-inner\"><div class=\"flip-box-grafix flip-box-circle\" style=\"background-color:#333333;border-color:#ffffff;\"><i aria-hidden=\"true\" class=\" fa fa-check-square\" style=\"color:#ffffff;\"><\/i><\/div>Expertise<\/div><\/div><div class=\"flip-box-back\" style=\"background-color:#636363;border-color:transparent;border-radius:4px;border-style:solid;border-width:1px;color:#ffffff;transition-duration:0.8s;\"><div class=\"flip-box-back-inner\">Le cabinet Familiari est install\u00e9 en tant que courtier depuis plus de 20 ans.<\/div><\/div><\/div><\/div><\/div><div class=\"fusion-flip-box-wrapper fusion-column col-lg-3 col-md-3 col-sm-3\"><div class=\"fusion-flip-box flip-right\" tabindex=\"0\"><div class=\"flip-box-inner-wrapper\"><div class=\"flip-box-front\" style=\"background-color:#636363;border-color:#636363;border-radius:4px;border-style:solid;border-width:1px;color:#ffffff;transition-duration:0.8s;\"><div class=\"flip-box-front-inner\"><div class=\"flip-box-grafix flip-box-circle\" style=\"background-color:#333333;border-color:#ffffff;\"><i aria-hidden=\"true\" class=\" fa fa-line-chart\" style=\"color:#ffffff;\"><\/i><\/div>R\u00e9activit\u00e9<\/div><\/div><div class=\"flip-box-back\" style=\"background-color:#636363;border-color:#636363;border-radius:4px;border-style:solid;border-width:1px;color:#ffffff;transition-duration:0.8s;\"><div class=\"flip-box-back-inner\">Le d\u00e9lai de traitement de vos demandes est une de nos priorit\u00e9s.<\/div><\/div><\/div><\/div><\/div><div class=\"fusion-flip-box-wrapper fusion-column col-lg-3 col-md-3 col-sm-3\"><div class=\"fusion-flip-box flip-right\" tabindex=\"0\"><div class=\"flip-box-inner-wrapper\"><div class=\"flip-box-front\" style=\"background-color:#636363;border-color:#636363;border-radius:4px;border-style:solid;border-width:1px;color:#ffffff;transition-duration:0.8s;\"><div class=\"flip-box-front-inner\"><div class=\"flip-box-grafix flip-box-circle\" style=\"background-color:#333333;border-color:#ffffff;\"><i aria-hidden=\"true\" class=\" fa fa-users\" style=\"color:#ffffff;\"><\/i><\/div>Personnalisation<\/div><\/div><div class=\"flip-box-back\" style=\"background-color:#636363;border-color:#636363;border-radius:4px;border-style:solid;border-width:1px;color:#ffffff;transition-duration:0.8s;\"><div class=\"flip-box-back-inner\">Nous faisons en sorte de proposer les offres les plus adapt\u00e9s \u00e0 votre situations.<\/div><\/div><\/div><\/div><\/div><\/div><\/div><\/div><style type=\"text\/css\">.fusion-body .fusion-builder-column-5{width:100% !important;margin-top : 0px;margin-bottom : 0px;}.fusion-builder-column-5 > .fusion-column-wrapper {padding-top : 0px !important;padding-right : 0px !important;margin-right : 1.92%;padding-bottom : 0px !important;padding-left : 0px !important;margin-left : 1.92%;}@media only screen and (max-width:1024px) {.fusion-body .fusion-builder-column-5{width:100% !important;}.fusion-builder-column-5 > .fusion-column-wrapper {margin-right : 1.92%;margin-left : 1.92%;}}@media only screen and (max-width:640px) {.fusion-body .fusion-builder-column-5{width:100% !important;}.fusion-builder-column-5 > .fusion-column-wrapper {margin-right : 1.92%;margin-left : 1.92%;}}<\/style><\/div><style type=\"text\/css\">.fusion-fullwidth.fusion-builder-row-1 { overflow:visible; }.fusion-body .fusion-flex-container.fusion-builder-row-1{ padding-top : 0px;margin-top : 0px;padding-right : 0px;padding-bottom : 0px;margin-bottom : 0px;padding-left : 0px;}<\/style><\/div>\n","protected":false},"excerpt":{"rendered":"","protected":false},"author":1,"featured_media":0,"parent":0,"menu_order":0,"comment_status":"closed","ping_status":"closed","template":"","meta":{"footnotes":""},"_links":{"self":[{"href":"http:\/\/cabinetfamiliari.fr\/index.php\/wp-json\/wp\/v2\/pages\/13015"}],"collection":[{"href":"http:\/\/cabinetfamiliari.fr\/index.php\/wp-json\/wp\/v2\/pages"}],"about":[{"href":"http:\/\/cabinetfamiliari.fr\/index.php\/wp-json\/wp\/v2\/types\/page"}],"author":[{"embeddable":true,"href":"http:\/\/cabinetfamiliari.fr\/index.php\/wp-json\/wp\/v2\/users\/1"}],"replies":[{"embeddable":true,"href":"http:\/\/cabinetfamiliari.fr\/index.php\/wp-json\/wp\/v2\/comments?post=13015"}],"version-history":[{"count":13,"href":"http:\/\/cabinetfamiliari.fr\/index.php\/wp-json\/wp\/v2\/pages\/13015\/revisions"}],"predecessor-version":[{"id":13906,"href":"http:\/\/cabinetfamiliari.fr\/index.php\/wp-json\/wp\/v2\/pages\/13015\/revisions\/13906"}],"wp:attachment":[{"href":"http:\/\/cabinetfamiliari.fr\/index.php\/wp-json\/wp\/v2\/media?parent=13015"}],"curies":[{"name":"wp","href":"https:\/\/api.w.org\/{rel}","templated":true}]}}